{"id":2926,"date":"2024-10-22T14:32:58","date_gmt":"2024-10-22T12:32:58","guid":{"rendered":"https:\/\/gsa-logistics.com\/?page_id=2926"},"modified":"2024-10-28T16:16:08","modified_gmt":"2024-10-28T15:16:08","slug":"politique-de-confidentialite","status":"publish","type":"page","link":"https:\/\/gsa-logistics.com\/en\/politique-de-confidentialite\/","title":{"rendered":"Politique de confidentialit\u00e9"},"content":{"rendered":"<div data-elementor-type=\"wp-page\" data-elementor-id=\"2926\" class=\"elementor elementor-2926\">\n\t\t\t\t<div class=\"elementor-element elementor-element-c4ad77f e-flex e-con-boxed e-con e-parent\" data-id=\"c4ad77f\" data-element_type=\"container\" data-e-type=\"container\">\n\t\t\t\t\t<div class=\"e-con-inner\">\n\t\t\t\t<div class=\"elementor-element elementor-element-f1c9cd3 elementor-widget elementor-widget-text-editor\" data-id=\"f1c9cd3\" data-element_type=\"widget\" data-e-type=\"widget\" data-widget_type=\"text-editor.default\">\n\t\t\t\t<div class=\"elementor-widget-container\">\n\t\t\t\t\t\t\t\t\t<p class=\"text-justify\">La politique \u00e9nonc\u00e9e ci-apr\u00e8s s\u2019applique aux traitements de donn\u00e9es personnelles effectu\u00e9s par GSA LOGISTICS (ci-apr\u00e8s d\u00e9sign\u00e9 le responsable du traitement).<\/p><div id=\"sconnect-is-installed\" style=\"display: none;\">\u00a0<\/div>\t\t\t\t\t\t\t\t<\/div>\n\t\t\t\t<\/div>\n\t\t\t\t<div class=\"elementor-element elementor-element-158aed1 elementor-widget elementor-widget-heading\" data-id=\"158aed1\" data-element_type=\"widget\" data-e-type=\"widget\" data-widget_type=\"heading.default\">\n\t\t\t\t<div class=\"elementor-widget-container\">\n\t\t\t\t\t<h2 class=\"elementor-heading-title elementor-size-default\">1 \u2013 DISPOSITIONS GENERALES<\/h2>\t\t\t\t<\/div>\n\t\t\t\t<\/div>\n\t\t\t\t<div class=\"elementor-element elementor-element-849c433 elementor-widget elementor-widget-text-editor\" data-id=\"849c433\" data-element_type=\"widget\" data-e-type=\"widget\" data-widget_type=\"text-editor.default\">\n\t\t\t\t<div class=\"elementor-widget-container\">\n\t\t\t\t\t\t\t\t\t<p class=\"text-justify\" style=\"text-align: justify;\">Les dispositions qui suivent concernent tous les traitements de donn\u00e9es personnelles effectu\u00e9s par le responsable du traitement, sauf mention contraire dans les dispositions sp\u00e9cifiques.<\/p><ul><li class=\"text-justify\" style=\"text-align: justify;\"><strong><span style=\"color: #000000;\">Cadre juridique \u2013 conformit\u00e9 au RGPD et \u00e0 la loi fran\u00e7aise<\/span><\/strong><br \/>Le responsable du traitement d\u00e9clare qu\u2019il effectue des traitements de donn\u00e9es personnelles conform\u00e9ment au r\u00e8glement (UE) 2016\/679 du Parlement europ\u00e9en et du Conseil du 27 avril 2016, relatif \u00e0 la protection des personnes physiques \u00e0 l\u2019\u00e9gard du traitement des donn\u00e9es \u00e0 caract\u00e8re personnel et \u00e0 la libre circulation de ces donn\u00e9es (ci-apr\u00e8s d\u00e9sign\u00e9 le RGPD) et \u00e0 loi fran\u00e7aise n\u00b0 78-17 du 6 janvier 1978 relative \u00e0 l\u2019informatique, aux fichiers et aux libert\u00e9s.<\/li><li><span style=\"color: #000000;\"><strong>Responsable du traitement et autres intervenants<\/strong><\/span><br \/>Le responsable du traitement est identifi\u00e9 ci-dessus. Ses coordonn\u00e9es sont :<br \/>Service marketing de GSA Logistics &#8211; <a href=\"mailto:marketing@gsa-logistics.eu\"><span style=\"color: #ce372d;\">marketing@gsa-logistics.eu<\/span><\/a> &#8211; 01 34 31 31 18<\/li><li class=\"text-justify\" style=\"text-align: justify;\"><span style=\"color: #000000;\"><strong>Destinataires des donn\u00e9es \u00e0 caract\u00e8re personnel<\/strong><\/span><br \/>Vos donn\u00e9es personnelles peuvent \u00eatre transf\u00e9r\u00e9es aux destinataires suivants :<br \/>&#8211;\u00a0\u00a0 \u00a0Le service marketing<br \/>&#8211;\u00a0\u00a0 \u00a0Le service commercial<br \/>&#8211;\u00a0\u00a0 \u00a0Le service des Ressources Humaines<br \/>Vos donn\u00e9es personnelles peuvent \u00e9galement \u00eatre transf\u00e9r\u00e9es \u00e0 tout organisme de r\u00e9gulation, autorit\u00e9, juridiction ou organisme public national et\/ou international lorsque nous y sommes contraints par la loi ou les r\u00e8glements, ou \u00e0 leur demande.<\/li><li class=\"text-justify\" style=\"text-align: justify;\"><span style=\"color: #000000;\"><strong>Transfert de donn\u00e9es<\/strong><\/span><br \/>Le responsable du traitement n\u2019a pas l\u2019intention d\u2019effectuer un transfert de donn\u00e9es \u00e0 caract\u00e8re personnel vers un pays tiers ou \u00e0 une organisation internationale.<\/li><li class=\"text-justify\" style=\"text-align: justify;\"><span style=\"color: #000000;\"><strong>Dur\u00e9e de conservation des donn\u00e9es \u00e0 caract\u00e8re personnel<\/strong><\/span><br \/>Les donn\u00e9es seront conserv\u00e9es pendant une dur\u00e9e de 3 ans.<\/li><li class=\"text-justify\" style=\"text-align: justify;\"><span style=\"color: #000000;\"><strong>Droits de la personne dont les donn\u00e9es sont collect\u00e9es<\/strong><\/span><br \/>La personne dont les donn\u00e9es personnelles sont collect\u00e9es a le droit :<br \/>&#8211;\u00a0\u00a0 \u00a0De demander au responsable du traitement l\u2019acc\u00e8s aux donn\u00e9es \u00e0 caract\u00e8re personnel, la rectifi\u00accation ou l\u2019effacement de celles-ci, ou une limitation du traitement relatif \u00e0 la personne concern\u00e9e ;<br \/>&#8211;\u00a0\u00a0 \u00a0De s\u2019opposer au traitement ;<br \/>&#8211;\u00a0\u00a0 \u00a0A la portabilit\u00e9 de ses donn\u00e9es ;<br \/>&#8211;\u00a0\u00a0 \u00a0D\u2019introduire une r\u00e9clamation aupr\u00e8s d\u2019une autorit\u00e9 de contr\u00f4le ;<br \/>&#8211;\u00a0\u00a0 \u00a0De retirer son consentement \u00e0 tout moment, sans porter atteinte \u00e0 la lic\u00e9it\u00e9 du traitement fond\u00e9 sur le consentement effectu\u00e9 avant le retrait de celui-ci, ce droit existant exclusivement lorsque le traitement est fond\u00e9 sur l\u2019article 6, paragraphe 1, point a), ou sur l\u2019article 9, paragraphe 2, point a) du RGPD, c\u2019est-\u00e0-dire sur le consentement de la personne concern\u00e9e au traitement de ses donn\u00e9es \u00e0 caract\u00e8re personnel pour une ou plusieurs finalit\u00e9s sp\u00e9cifiques.<\/li><li class=\"text-justify\" style=\"text-align: justify;\"><span style=\"color: #000000;\"><strong>Prise de d\u00e9cision automatis\u00e9e \u2013 profilage<\/strong><\/span><br \/>Sauf mention contraire dans les dispositions sp\u00e9cifiques, aucun profilage ne sera r\u00e9alis\u00e9 et plus g\u00e9n\u00e9ralement aucune d\u00e9cision automatis\u00e9e ne sera prise sur la base des donn\u00e9es collect\u00e9es<\/li><\/ul><div id=\"sconnect-is-installed\" style=\"display: none; text-align: justify;\">\u00a0<\/div><div id=\"sconnect-is-installed\" style=\"display: none;\">\u00a0<\/div><div id=\"sconnect-is-installed\" style=\"display: none;\">\u00a0<\/div><div id=\"sconnect-is-installed\" style=\"display: none;\">\u00a0<\/div>\t\t\t\t\t\t\t\t<\/div>\n\t\t\t\t<\/div>\n\t\t\t\t<div class=\"elementor-element elementor-element-dcdffcb elementor-widget elementor-widget-heading\" data-id=\"dcdffcb\" data-element_type=\"widget\" data-e-type=\"widget\" data-widget_type=\"heading.default\">\n\t\t\t\t<div class=\"elementor-widget-container\">\n\t\t\t\t\t<h2 class=\"elementor-heading-title elementor-size-default\">2 \u2013 DISPOSITIONS SPECIFIQUES<\/h2>\t\t\t\t<\/div>\n\t\t\t\t<\/div>\n\t\t\t\t<div class=\"elementor-element elementor-element-84d4c8a elementor-widget elementor-widget-text-editor\" data-id=\"84d4c8a\" data-element_type=\"widget\" data-e-type=\"widget\" data-widget_type=\"text-editor.default\">\n\t\t\t\t<div class=\"elementor-widget-container\">\n\t\t\t\t\t\t\t\t\t<p class=\"text-justify\">Les dispositions qui suivent sont sp\u00e9cifiques \u00e0 chaque type de traitement de donn\u00e9es personnelles.<\/p><ul><li class=\"text-justify\"><span style=\"color: #000000;\"><strong>Gestion de la relation avec nos contacts et prospects<\/strong><\/span><br \/>Donn\u00e9es personnelles trait\u00e9es \u2013 Nous traitons les donn\u00e9es personnelles suivantes :<br \/>&#8211;\u00a0\u00a0 \u00a0Nom, pr\u00e9nom, adresse mail<br \/>&#8211;\u00a0\u00a0 \u00a0Soci\u00e9t\u00e9<br \/>&#8211;\u00a0\u00a0 \u00a0Sujet et message de la demande<br \/>&#8211;\u00a0\u00a0 \u00a0CV et lettre de motivation<br \/>Finalit\u00e9s \u2013 Le traitement de donn\u00e9es personnelles est destin\u00e9 \u00e0 la gestion de la relation avec nos contacts et prospects. En particulier, ce traitement tend \u00e0 communiquer \u00e0 la personne concern\u00e9e des informations sur les actualit\u00e9s de notre organisation, nos produits et nos services ; ou bien \u00e0 transf\u00e9rer sa candidature (spontan\u00e9e ou non) au service des Ressources Humaines.<br \/>Base juridique \u2013 Ce traitement de donn\u00e9es personnelles est fond\u00e9 sur le consentement de la personne concern\u00e9e (article 6, paragraphe 1, point a) du RGPD). La demande de donn\u00e9es a un caract\u00e8re contractuel. La personne concern\u00e9e n\u2019est pas tenue de fournir ces donn\u00e9es. Si la personne concern\u00e9e ne fournit pas les donn\u00e9es ou retire son consentement au traitement de donn\u00e9es, elle ne pourra pas recevoir d\u2019information sur les actualit\u00e9s de notre organisation, nos produits et nos services ; ou bien postuler \u00e0 une offre d\u2019emploi ou de fa\u00e7on spontan\u00e9e.<\/li><li class=\"text-justify\"><span style=\"color: #000000;\"><strong>Analyse et am\u00e9lioration de nos produits et services<\/strong><\/span><br \/>Donn\u00e9es personnelles trait\u00e9es \u2013 Nous traitons les donn\u00e9es suivantes :<br \/>&#8211;\u00a0\u00a0 \u00a0Nom, pr\u00e9nom, adresse mail<br \/>&#8211;\u00a0\u00a0 \u00a0Soci\u00e9t\u00e9<br \/>&#8211;\u00a0\u00a0 \u00a0Sujet et message de la demande<br \/>&#8211;\u00a0\u00a0 \u00a0CV et lettre de motivation<br \/>Finalit\u00e9s \u2013 Ce traitement est utilis\u00e9 \u00e0 des fins d\u2019analyse et d\u2019\u00e9tude statistique de l\u2019utilisation de notre site Internet.<br \/>Base juridique \u2013 Le traitement est n\u00e9cessaire aux fins des int\u00e9r\u00eats l\u00e9gitimes que nous poursuivons, consistant \u00e0 am\u00e9liorer et optimiser les produits et services. Il est fond\u00e9 sur l\u2019article 6, paragraphe 1, point f) du RGPD. La demande de donn\u00e9es a un caract\u00e8re contractuel. La personne concern\u00e9e n\u2019est pas tenue de fournir ces donn\u00e9es et elle peut s\u2019opposer \u00e0 tout moment \u00e0 leur traitement en refusant l\u2019utilisation de ses cookies via son navigateur.<\/li><li class=\"text-justify\"><span style=\"color: #000000;\"><strong>Utilisation de Google Analytics<\/strong><\/span><br \/>Donn\u00e9es personnelles trait\u00e9es \u2013 Google traite les donn\u00e9es mentionn\u00e9es dans sa politique de confidentialit\u00e9 (<span style=\"color: #ce372d;\"><a style=\"color: #ce372d;\" href=\"https:\/\/support.google.com\/analytics\/answer\/6004245?hl=fr\" target=\"_blank\" rel=\"noopener\">https:\/\/support.google.com\/analytics\/answer\/6004245<\/a> ou <a style=\"color: #ce372d;\" href=\"https:\/\/policies.google.com\/privacy?hl=fr#infocollect\" target=\"_blank\" rel=\"noopener\">https:\/\/policies.google.com\/privacy<\/a><\/span>). Ces donn\u00e9es comprennent notamment l\u2019adresse IP des appareils utilis\u00e9s pour consulter le site.<br \/>Finalit\u00e9s \u2013 Ce traitement est utilis\u00e9 \u00e0 des fins d\u2019analyse et d\u2019\u00e9tude statistique de l\u2019utilisation de notre site.<br \/>Base juridique \u2013 Le traitement est n\u00e9cessaire aux fins des int\u00e9r\u00eats l\u00e9gitimes que nous poursuivons, consistant \u00e0 am\u00e9liorer et optimiser notre site Internet au b\u00e9n\u00e9fice des utilisateurs. Il est fond\u00e9 sur l\u2019article 6, paragraphe 1, point f) du RGPD. La demande de donn\u00e9es a un caract\u00e8re contractuel. La personne concern\u00e9e n\u2019est pas tenue de fournir ces donn\u00e9es et elle peut s\u2019opposer \u00e0 tout moment \u00e0 leur traitement. Pour emp\u00eacher la collecte de donn\u00e9es relatives \u00e0 son utilisation du site et le traitement de ces donn\u00e9es par Google, la personne concern\u00e9e doit suivre les indications de Google : <a href=\"http:\/\/tools.google.com\/dlpage\/gaoptout\" target=\"_blank\" rel=\"noopener\"><span style=\"color: #ce372d;\">http:\/\/tools.google.com\/dlpage\/gaoptout<\/span><\/a><\/li><li class=\"text-justify\"><span style=\"color: #000000;\"><strong>S\u00e9curit\u00e9 et pr\u00e9vention des activit\u00e9s illicites<\/strong><\/span><br \/>Donn\u00e9es personnelles trait\u00e9es \u2013 Nous traitons les donn\u00e9es suivantes :<br \/>&#8211;\u00a0\u00a0 \u00a0Nom, pr\u00e9nom, adresse mail<br \/>&#8211;\u00a0\u00a0 \u00a0Soci\u00e9t\u00e9<br \/>&#8211;\u00a0\u00a0 \u00a0Sujet et message de la demande<br \/>&#8211;\u00a0\u00a0 \u00a0CV et lettre de motivation<br \/>Finalit\u00e9s \u2013 Le traitement est destin\u00e9 \u00e0 assurer la s\u00e9curit\u00e9 de nos produits et services et \u00e0 pr\u00e9venir les activit\u00e9s illicites en lien avec nos produits et services.<br \/>Base juridique \u2013 Ce traitement est n\u00e9cessaire au respect des obligations l\u00e9gales auxquelles le responsable du traitement est soumis (article 6, paragraphe 1, point c) du RGPD) et il est n\u00e9cessaire aux fins des int\u00e9r\u00eats l\u00e9gitimes que nous poursuivons, consistant \u00e0 assurer la s\u00e9curit\u00e9 de nos produits et de nos services et \u00e0 pr\u00e9venir les activit\u00e9s illicites (article 6, paragraphe 1, point f) du RGPD). La demande de donn\u00e9es est conforme aux dispositions l\u00e9gislatives et r\u00e9glementaires applicables. La personne concern\u00e9e est tenue de fournir ces donn\u00e9es si elle souhaite b\u00e9n\u00e9ficier de nos produits et services.<\/li><\/ul><div id=\"sconnect-is-installed\" style=\"display: none;\">\u00a0<\/div>\t\t\t\t\t\t\t\t<\/div>\n\t\t\t\t<\/div>\n\t\t\t\t\t<\/div>\n\t\t\t\t<\/div>\n\t\t\t\t<\/div>","protected":false},"excerpt":{"rendered":"<p>La politique \u00e9nonc\u00e9e ci-apr\u00e8s s\u2019applique aux traitements de donn\u00e9es personnelles effectu\u00e9s par GSA LOGISTICS (ci-apr\u00e8s d\u00e9sign\u00e9 le responsable du traitement). \u00a0 1 \u2013 DISPOSITIONS GENERALES Les dispositions qui suivent concernent tous les traitements de donn\u00e9es personnelles effectu\u00e9s par le responsable du traitement, sauf mention contraire dans les dispositions sp\u00e9cifiques. Cadre juridique \u2013 conformit\u00e9 au RGPD [&hellip;]<\/p>\n","protected":false},"author":251072304,"featured_media":0,"parent":0,"menu_order":0,"comment_status":"closed","ping_status":"closed","template":"elementor_header_footer","meta":{"ocean_post_layout":"","ocean_both_sidebars_style":"","ocean_both_sidebars_content_width":0,"ocean_both_sidebars_sidebars_width":0,"ocean_sidebar":"","ocean_second_sidebar":"","ocean_disable_margins":"enable","ocean_add_body_class":"","ocean_shortcode_before_top_bar":"","ocean_shortcode_after_top_bar":"","ocean_shortcode_before_header":"","ocean_shortcode_after_header":"","ocean_has_shortcode":"","ocean_shortcode_after_title":"","ocean_shortcode_before_footer_widgets":"","ocean_shortcode_after_footer_widgets":"","ocean_shortcode_before_footer_bottom":"","ocean_shortcode_after_footer_bottom":"","ocean_display_top_bar":"default","ocean_display_header":"default","ocean_header_style":"","ocean_center_header_left_menu":"","ocean_custom_header_template":"","ocean_custom_logo":0,"ocean_custom_retina_logo":0,"ocean_custom_logo_max_width":0,"ocean_custom_logo_tablet_max_width":0,"ocean_custom_logo_mobile_max_width":0,"ocean_custom_logo_max_height":0,"ocean_custom_logo_tablet_max_height":0,"ocean_custom_logo_mobile_max_height":0,"ocean_header_custom_menu":"","ocean_menu_typo_font_family":"","ocean_menu_typo_font_subset":"","ocean_menu_typo_font_size":0,"ocean_menu_typo_font_size_tablet":0,"ocean_menu_typo_font_size_mobile":0,"ocean_menu_typo_font_size_unit":"px","ocean_menu_typo_font_weight":"","ocean_menu_typo_font_weight_tablet":"","ocean_menu_typo_font_weight_mobile":"","ocean_menu_typo_transform":"","ocean_menu_typo_transform_tablet":"","ocean_menu_typo_transform_mobile":"","ocean_menu_typo_line_height":0,"ocean_menu_typo_line_height_tablet":0,"ocean_menu_typo_line_height_mobile":0,"ocean_menu_typo_line_height_unit":"","ocean_menu_typo_spacing":0,"ocean_menu_typo_spacing_tablet":0,"ocean_menu_typo_spacing_mobile":0,"ocean_menu_typo_spacing_unit":"","ocean_menu_link_color":"","ocean_menu_link_color_hover":"","ocean_menu_link_color_active":"","ocean_menu_link_background":"","ocean_menu_link_hover_background":"","ocean_menu_link_active_background":"","ocean_menu_social_links_bg":"","ocean_menu_social_hover_links_bg":"","ocean_menu_social_links_color":"","ocean_menu_social_hover_links_color":"","ocean_disable_title":"default","ocean_disable_heading":"default","ocean_post_title":"","ocean_post_subheading":"","ocean_post_title_style":"","ocean_post_title_background_color":"","ocean_post_title_background":0,"ocean_post_title_bg_image_position":"","ocean_post_title_bg_image_attachment":"","ocean_post_title_bg_image_repeat":"","ocean_post_title_bg_image_size":"","ocean_post_title_height":0,"ocean_post_title_bg_overlay":0.5,"ocean_post_title_bg_overlay_color":"","ocean_disable_breadcrumbs":"default","ocean_breadcrumbs_color":"","ocean_breadcrumbs_separator_color":"","ocean_breadcrumbs_links_color":"","ocean_breadcrumbs_links_hover_color":"","ocean_display_footer_widgets":"default","ocean_display_footer_bottom":"default","ocean_custom_footer_template":"","_mc_calendar":[],"footnotes":""},"class_list":["post-2926","page","type-page","status-publish","hentry","entry"],"jetpack_likes_enabled":true,"jetpack_sharing_enabled":true,"jetpack_shortlink":"https:\/\/wp.me\/PfNdqN-Lc","jetpack-related-posts":[],"_links":{"self":[{"href":"https:\/\/gsa-logistics.com\/en\/wp-json\/wp\/v2\/pages\/2926","targetHints":{"allow":["GET"]}}],"collection":[{"href":"https:\/\/gsa-logistics.com\/en\/wp-json\/wp\/v2\/pages"}],"about":[{"href":"https:\/\/gsa-logistics.com\/en\/wp-json\/wp\/v2\/types\/page"}],"author":[{"embeddable":true,"href":"https:\/\/gsa-logistics.com\/en\/wp-json\/wp\/v2\/users\/251072304"}],"replies":[{"embeddable":true,"href":"https:\/\/gsa-logistics.com\/en\/wp-json\/wp\/v2\/comments?post=2926"}],"version-history":[{"count":18,"href":"https:\/\/gsa-logistics.com\/en\/wp-json\/wp\/v2\/pages\/2926\/revisions"}],"predecessor-version":[{"id":2985,"href":"https:\/\/gsa-logistics.com\/en\/wp-json\/wp\/v2\/pages\/2926\/revisions\/2985"}],"wp:attachment":[{"href":"https:\/\/gsa-logistics.com\/en\/wp-json\/wp\/v2\/media?parent=2926"}],"curies":[{"name":"wp","href":"https:\/\/api.w.org\/{rel}","templated":true}]}}